{"id":343,"date":"2022-04-03T07:54:07","date_gmt":"2022-04-03T07:54:07","guid":{"rendered":"https:\/\/maxwell-in-motion.org\/?page_id=343"},"modified":"2025-07-04T13:46:00","modified_gmt":"2025-07-04T13:46:00","slug":"board","status":"publish","type":"page","link":"https:\/\/maxwell-in-motion.org\/?page_id=343","title":{"rendered":"Board"},"content":{"rendered":"\n<figure class=\"wp-block-table\"><table><tbody><tr><td>Prof. Dr.-Ing. Simon Adrian<\/td><td>Universit\u00e4t Rostock<\/td><\/tr><tr><td>Dr.-Ing. Wolfgang Ackermann<\/td><td>TU Darmstadt<\/td><\/tr><tr><td>Prof. Dr.-Ing. Idoia Cortes Garcia<\/td><td>Eindhoven University of Technology<\/td><\/tr><tr><td>Prof. Dr.-Ing. De Gersem<\/td><td>TU Darmstadt<\/td><\/tr><tr><td>PD Dr. rer. nat.&nbsp;Erion Gjonaj<\/td><td>TU Darmstadt<\/td><\/tr><tr><td>Dr.-Ing. Stephan Koch<\/td><td>Dassault Syst\u00e8mes<\/td><\/tr><tr><td>Prof. Dr.-Ing. Stefan Kurz<\/td><td>ETH Z\u00fcrich<\/td><\/tr><tr><td>Prof. Dr.-Ing. Irina Munteanu<\/td><td>Dassault Syst\u00e8mes<\/td><\/tr><tr><td>Prof. Dr.-Ing. Andreas Penirschke<\/td><td>Technische Hochschule Mittelhessen<\/td><\/tr><tr><td>Prof. Dr.-Ing.&nbsp;Ulrich R\u00f6mer<\/td><td>TU Braunschweig<\/td><\/tr><tr><td>Prof. Dr. rer. nat. Sebastian Sch\u00f6ps<\/td><td>TU Darmstadt<\/td><\/tr><tr><td>Prof. Dr.-Ing.&nbsp;Rolf Schuhmann<\/td><td>TU Berlin<\/td><\/tr><tr><td>Prof. Dr.-Ing. Yvonne Sp\u00e4ck-Leigsnering<\/td><td>TU Darmstadt<\/td><\/tr><tr><td>Prof. Dr.-Ing.&nbsp;Peter Thoma<\/td><td>Frankfurt University of Applied Sciences<\/td><\/tr><tr><td>Prof. Dr. rer. nat. Ursula van Rienen<\/td><td><br>Universit\u00e4t Rostock<\/td><\/tr><tr><td>Prof. Dr.-Ing.&nbsp;Thomas Weiland<\/td><td>TU Darmstadt<\/td><\/tr><\/tbody><\/table><figcaption class=\"wp-element-caption\"><strong>Maxwell in Motion e.V.<\/strong><\/figcaption><\/figure>\n","protected":false},"excerpt":{"rendered":"<p>Prof. Dr.-Ing. Simon Adrian Universit\u00e4t Rostock Dr.-Ing. Wolfgang Ackermann TU Darmstadt Prof. Dr.-Ing. Idoia Cortes Garcia Eindhoven University of Technology Prof. Dr.-Ing. De Gersem TU Darmstadt PD Dr. rer. nat.&nbsp;Erion Gjonaj TU Darmstadt Dr.-Ing. Stephan Koch Dassault Syst\u00e8mes Prof. Dr.-Ing. Stefan Kurz ETH Z\u00fcrich Prof. Dr.-Ing. Irina Munteanu Dassault Syst\u00e8mes Prof. Dr.-Ing. Andreas Penirschke Technische [&hellip;]<\/p>\n","protected":false},"author":2,"featured_media":0,"parent":0,"menu_order":0,"comment_status":"closed","ping_status":"closed","template":"","meta":{"inline_featured_image":false,"footnotes":""},"categories":[],"tags":[],"class_list":["post-343","page","type-page","status-publish","hentry"],"_links":{"self":[{"href":"https:\/\/maxwell-in-motion.org\/index.php?rest_route=\/wp\/v2\/pages\/343","targetHints":{"allow":["GET"]}}],"collection":[{"href":"https:\/\/maxwell-in-motion.org\/index.php?rest_route=\/wp\/v2\/pages"}],"about":[{"href":"https:\/\/maxwell-in-motion.org\/index.php?rest_route=\/wp\/v2\/types\/page"}],"author":[{"embeddable":true,"href":"https:\/\/maxwell-in-motion.org\/index.php?rest_route=\/wp\/v2\/users\/2"}],"replies":[{"embeddable":true,"href":"https:\/\/maxwell-in-motion.org\/index.php?rest_route=%2Fwp%2Fv2%2Fcomments&post=343"}],"version-history":[{"count":22,"href":"https:\/\/maxwell-in-motion.org\/index.php?rest_route=\/wp\/v2\/pages\/343\/revisions"}],"predecessor-version":[{"id":544,"href":"https:\/\/maxwell-in-motion.org\/index.php?rest_route=\/wp\/v2\/pages\/343\/revisions\/544"}],"wp:attachment":[{"href":"https:\/\/maxwell-in-motion.org\/index.php?rest_route=%2Fwp%2Fv2%2Fmedia&parent=343"}],"wp:term":[{"taxonomy":"category","embeddable":true,"href":"https:\/\/maxwell-in-motion.org\/index.php?rest_route=%2Fwp%2Fv2%2Fcategories&post=343"},{"taxonomy":"post_tag","embeddable":true,"href":"https:\/\/maxwell-in-motion.org\/index.php?rest_route=%2Fwp%2Fv2%2Ftags&post=343"}],"curies":[{"name":"wp","href":"https:\/\/api.w.org\/{rel}","templated":true}]}}